{"id":18,"date":"2023-03-27T19:58:56","date_gmt":"2023-03-27T19:58:56","guid":{"rendered":"https:\/\/www.estudio3.com.pa\/?page_id=18"},"modified":"2023-03-27T19:58:56","modified_gmt":"2023-03-27T19:58:56","slug":"politica-de-privacidad","status":"publish","type":"page","link":"https:\/\/www.estudio3.com.pa\/en\/politica-de-privacidad\/","title":{"rendered":"Pol\u00edtica de privacidad"},"content":{"rendered":"<p>Esta es una p\u00e1gina con informaci\u00f3n b\u00e1sica sobre nuestra pol\u00edtica de privacidad.<\/p>","protected":false},"excerpt":{"rendered":"<p>Esta es una p\u00e1gina con informaci\u00f3n b\u00e1sica sobre nuestra pol\u00edtica de privacidad.<\/p>","protected":false},"author":3,"featured_media":0,"parent":0,"menu_order":0,"comment_status":"closed","ping_status":"closed","template":"","meta":{"_acf_changed":false,"_gspb_post_css":"","_uag_custom_page_level_css":"","footnotes":""},"class_list":["post-18","page","type-page","status-publish","hentry"],"blocksy_meta":[],"acf":[],"aioseo_notices":[],"uagb_featured_image_src":{"full":false,"thumbnail":false,"medium":false,"medium_large":false,"large":false,"wonder-grid-columns-thumbnail":false,"wonder-grid-columns-2":false,"wonder-grid-columns-3":false,"wonder-grid-columns-4":false,"wonder-grid-columns-5":false,"1536x1536":false,"2048x2048":false,"trp-custom-language-flag":false},"uagb_author_info":{"display_name":"admin","author_link":"https:\/\/www.estudio3.com.pa\/en\/author\/admin-2\/"},"uagb_comment_info":0,"uagb_excerpt":"Esta es una p\u00e1gina con informaci\u00f3n b\u00e1sica sobre nuestra pol\u00edtica de privacidad.","_links":{"self":[{"href":"https:\/\/www.estudio3.com.pa\/en\/wp-json\/wp\/v2\/pages\/18","targetHints":{"allow":["GET"]}}],"collection":[{"href":"https:\/\/www.estudio3.com.pa\/en\/wp-json\/wp\/v2\/pages"}],"about":[{"href":"https:\/\/www.estudio3.com.pa\/en\/wp-json\/wp\/v2\/types\/page"}],"author":[{"embeddable":true,"href":"https:\/\/www.estudio3.com.pa\/en\/wp-json\/wp\/v2\/users\/3"}],"replies":[{"embeddable":true,"href":"https:\/\/www.estudio3.com.pa\/en\/wp-json\/wp\/v2\/comments?post=18"}],"version-history":[{"count":0,"href":"https:\/\/www.estudio3.com.pa\/en\/wp-json\/wp\/v2\/pages\/18\/revisions"}],"wp:attachment":[{"href":"https:\/\/www.estudio3.com.pa\/en\/wp-json\/wp\/v2\/media?parent=18"}],"curies":[{"name":"wp","href":"https:\/\/api.w.org\/{rel}","templated":true}]}}