{"id":15,"date":"2023-03-27T19:58:56","date_gmt":"2023-03-27T19:58:56","guid":{"rendered":"https:\/\/www.estudio3.com.pa\/?page_id=15"},"modified":"2024-03-25T17:39:20","modified_gmt":"2024-03-25T17:39:20","slug":"contacto","status":"publish","type":"page","link":"https:\/\/www.estudio3.com.pa\/en\/contacto\/","title":{"rendered":"Contact"},"content":{"rendered":"<div class=\"n2_clear\"><ss3-force-full-width data-overflow-x=\"body\" data-horizontal-selector=\"body\"><div class=\"n2-section-smartslider fitvidsignore  n2_clear\" data-ssid=\"4\" tabindex=\"0\" role=\"region\" aria-label=\"Slider\"><div id=\"n2-ss-4-align\" class=\"n2-ss-align\"><div class=\"n2-padding\"><div id=\"n2-ss-4\" data-creator=\"Smart Slider 3\" data-responsive=\"fullwidth\" class=\"n2-ss-slider n2-ow n2-has-hover n2notransition\">\n        <div class=\"n2-ss-slider-1 n2_ss__touch_element n2-ow\">\n            <div class=\"n2-ss-slider-2 n2-ow\">\n                                                <div class=\"n2-ss-slider-3 n2-ow\">\n\n                    <div class=\"n2-ss-slide-backgrounds n2-ow-all\"><div class=\"n2-ss-slide-background\" data-public-id=\"1\" data-mode=\"fill\"><div class=\"n2-ss-slide-background-image\" data-blur=\"0\" data-opacity=\"100\" data-x=\"50\" data-y=\"73\" data-alt=\"\" data-title=\"\" style=\"--ss-o-pos-y:73%\"><picture class=\"skip-lazy\" data-skip-lazy=\"1\"><img decoding=\"async\" src=\"\/\/www.estudio3.com.pa\/wp-content\/uploads\/slider\/cache\/4ee7b5916352d4ce845d009e8caae4ad\/Casa-Esperanza-2-scaled.jpg\" alt=\"\" title=\"\" loading=\"lazy\" class=\"skip-lazy\" data-skip-lazy=\"1\"><\/picture><\/div><div data-gradient=\"diagonal1\" data-color-start=\"RGBA(0,0,0,0.35)\" data-color-end=\"RGBA(255,255,255,0)\" style=\"background:linear-gradient(45deg, RGBA(0,0,0,0.35) 0%,RGBA(255,255,255,0) 100%);\" class=\"n2-ss-slide-background-color\" data-overlay=\"1\"><\/div><\/div><\/div>                    <div class=\"n2-ss-slider-4 n2-ow\">\n                        <svg xmlns=\"http:\/\/www.w3.org\/2000\/svg\" viewbox=\"0 0 1200 400\" data-related-device=\"desktopPortrait\" class=\"n2-ow n2-ss-preserve-size n2-ss-preserve-size--slider n2-ss-slide-limiter\"><\/svg><div data-first=\"1\" data-slide-duration=\"0\" data-id=\"7\" data-slide-public-id=\"1\" data-title=\"Full 1\" class=\"n2-ss-slide n2-ow  n2-ss-slide-7\"><div role=\"note\" class=\"n2-ss-slide--focus\" tabindex=\"-1\">Full 1<\/div><div class=\"n2-ss-layers-container n2-ss-slide-limiter n2-ow\"><div class=\"n2-ss-layer n2-ow n-uc-rcytphqnHPq1\" data-sstype=\"slide\" data-pm=\"default\"><div class=\"n2-ss-layer n2-ow n-uc-Ib2oTDLEckrV\" data-pm=\"default\" data-sstype=\"content\" data-hasbackground=\"0\"><div class=\"n2-ss-section-main-content n2-ss-layer-with-background n2-ss-layer-content n2-ow n-uc-Ib2oTDLEckrV-inner\"><div class=\"n2-ss-layer n2-ow n-uc-bqIdbfkf9qP9\" data-pm=\"normal\" data-sstype=\"layer\"><div id=\"n2-ss-4item1\" class=\"n2-font-7cc4bdcee47ed64fa10f64d816ddeaf5-hover   n2-ss-item-content n2-ss-text n2-ow\" style=\"display:block;\">Contact Us<\/div><\/div><div class=\"n2-ss-layer n2-ow n-uc-6WVwoLWNvbyB\" data-pm=\"normal\" data-sstype=\"layer\"><div id=\"n2-ss-4item2\" class=\"n2-font-911acf98c5b4d42b9bed216b5d487fde-hover   n2-ss-item-content n2-ss-text n2-ow\" style=\"display:block;\">Get in touch<\/div><\/div><\/div><\/div><\/div><\/div><img decoding=\"async\" loading=\"lazy\" class=\"n2-ss-slide-thumbnail skip-lazy\" data-skip-lazy=\"1\" src=\"https:\/\/www.estudio3.com.pa\/wp-content\/uploads\/slider\/cache\/b0f0612a4243cef356d2cfa29ba47649\/f1.jpg\" alt=\"Full 1\"><\/div>                    <\/div>\n\n                                    <\/div>\n            <\/div>\n        <\/div>\n        <\/div><ss3-loader><\/ss3-loader><\/div><\/div><div class=\"n2_clear\"><\/div><\/div><\/ss3-force-full-width><\/div>\n\n\n<div style=\"height:35px\" aria-hidden=\"true\" class=\"wp-block-spacer\"><\/div>\n\n\n\n<div class=\"wp-block-columns is-layout-flex wp-container-core-columns-is-layout-28f84493 wp-block-columns-is-layout-flex\">\n<div class=\"wp-block-column is-layout-flow wp-block-column-is-layout-flow\"><style>.wp-block-kadence-advancedheading.kt-adv-heading15_b38e31-d2, .wp-block-kadence-advancedheading.kt-adv-heading15_b38e31-d2[data-kb-block=\"kb-adv-heading15_b38e31-d2\"]{font-weight:400;font-style:normal;font-family:Abel;border-bottom:2px solid var(--theme-palette-color-4, #192a3d);}.wp-block-kadence-advancedheading.kt-adv-heading15_b38e31-d2 mark.kt-highlight, .wp-block-kadence-advancedheading.kt-adv-heading15_b38e31-d2[data-kb-block=\"kb-adv-heading15_b38e31-d2\"] mark.kt-highlight{font-style:normal;color:#f76a0c;-webkit-box-decoration-break:clone;box-decoration-break:clone;padding-top:0px;padding-right:0px;padding-bottom:0px;padding-left:0px;}@media all and (max-width: 1024px){.wp-block-kadence-advancedheading.kt-adv-heading15_b38e31-d2, .wp-block-kadence-advancedheading.kt-adv-heading15_b38e31-d2[data-kb-block=\"kb-adv-heading15_b38e31-d2\"]{border-bottom:2px solid var(--theme-palette-color-4, #192a3d);}}@media all and (max-width: 767px){.wp-block-kadence-advancedheading.kt-adv-heading15_b38e31-d2, .wp-block-kadence-advancedheading.kt-adv-heading15_b38e31-d2[data-kb-block=\"kb-adv-heading15_b38e31-d2\"]{border-bottom:2px solid var(--theme-palette-color-4, #192a3d);}}<\/style>\n<h2 class=\"kt-adv-heading15_b38e31-d2 wp-block-kadence-advancedheading\" data-kb-block=\"kb-adv-heading15_b38e31-d2\">Information<\/h2>\n\n\n\n<div class=\"wp-block-columns is-layout-flex wp-container-core-columns-is-layout-28f84493 wp-block-columns-is-layout-flex\">\n<div class=\"wp-block-column is-layout-flow wp-block-column-is-layout-flow\" style=\"flex-basis:0%\"><style>.kt-svg-icons15_d0b785-15 .kt-svg-item-0 .kb-svg-icon-wrap{color:var(--global-palette4, #2D3748);font-size:50px;}.wp-block-kadence-icon.kt-svg-icons15_d0b785-15{justify-content:flex-start;}<\/style>\n<div class=\"wp-block-kadence-icon kt-svg-icons kt-svg-icons15_d0b785-15 alignnone\"><style>.kt-svg-item-15_86f52b-c3 .kb-svg-icon-wrap, .kt-svg-style-stacked.kt-svg-item-15_86f52b-c3 .kb-svg-icon-wrap{font-size:20px;}<\/style>\n<div class=\"wp-block-kadence-single-icon kt-svg-style-default kt-svg-icon-wrap kt-svg-item-15_86f52b-c3\"><span class=\"kb-svg-icon-wrap kb-svg-icon-fe_mail\"><svg viewbox=\"0 0 24 24\"  fill=\"none\" stroke=\"currentColor\" stroke-width=\"2\" stroke-linecap=\"round\" stroke-linejoin=\"round\" xmlns=\"http:\/\/www.w3.org\/2000\/svg\"  aria-hidden=\"true\"><path d=\"M4 4h16c1.1 0 2 .9 2 2v12c0 1.1-.9 2-2 2H4c-1.1 0-2-.9-2-2V6c0-1.1.9-2 2-2z\"\/><polyline points=\"22,6 12,13 2,6\"\/><\/svg><\/span><\/div>\n<\/div>\n<\/div>\n\n\n\n<div class=\"wp-block-column is-layout-flow wp-block-column-is-layout-flow\">\n<div id=\"gspb_text-id-gsbp-70200ebf-e69d\" class=\"gspb_text gspb_text-id-gsbp-70200ebf-e69d\"><a href=\"mailto:info@estudio3pa.com\">info@estudio3pa.com<\/a><\/div>\n<\/div>\n<\/div>\n\n\n\n<div class=\"wp-block-columns is-layout-flex wp-container-core-columns-is-layout-28f84493 wp-block-columns-is-layout-flex\">\n<div class=\"wp-block-column is-layout-flow wp-block-column-is-layout-flow\" style=\"flex-basis:0%\"><style>.kt-svg-icons15_e1c193-d5 .kt-svg-item-0 .kb-svg-icon-wrap{color:var(--global-palette4, #2D3748);font-size:50px;}.wp-block-kadence-icon.kt-svg-icons15_e1c193-d5{justify-content:flex-start;}<\/style>\n<div class=\"wp-block-kadence-icon kt-svg-icons kt-svg-icons15_e1c193-d5 alignnone\"><style>.kt-svg-item-15_663d7e-21 .kb-svg-icon-wrap, .kt-svg-style-stacked.kt-svg-item-15_663d7e-21 .kb-svg-icon-wrap{font-size:20px;}<\/style>\n<div class=\"wp-block-kadence-single-icon kt-svg-style-default kt-svg-icon-wrap kt-svg-item-15_663d7e-21\"><span class=\"kb-svg-icon-wrap kb-svg-icon-fe_phone\"><svg viewbox=\"0 0 24 24\"  fill=\"none\" stroke=\"currentColor\" stroke-width=\"2\" stroke-linecap=\"round\" stroke-linejoin=\"round\" xmlns=\"http:\/\/www.w3.org\/2000\/svg\"  aria-hidden=\"true\"><path d=\"M22 16.92v3a2 2 0 0 1-2.18 2 19.79 19.79 0 0 1-8.63-3.07 19.5 19.5 0 0 1-6-6 19.79 19.79 0 0 1-3.07-8.67A2 2 0 0 1 4.11 2h3a2 2 0 0 1 2 1.72 12.84 12.84 0 0 0 .7 2.81 2 2 0 0 1-.45 2.11L8.09 9.91a16 16 0 0 0 6 6l1.27-1.27a2 2 0 0 1 2.11-.45 12.84 12.84 0 0 0 2.81.7A2 2 0 0 1 22 16.92z\"\/><\/svg><\/span><\/div>\n<\/div>\n<\/div>\n\n\n\n<div class=\"wp-block-column is-layout-flow wp-block-column-is-layout-flow\">\n<div id=\"gspb_text-id-gsbp-c6e6d7e4-fdb7\" class=\"gspb_text gspb_text-id-gsbp-c6e6d7e4-fdb7\">+507 380-9236<\/div>\n<\/div>\n<\/div>\n\n\n\n<div class=\"wp-block-columns is-layout-flex wp-container-core-columns-is-layout-28f84493 wp-block-columns-is-layout-flex\">\n<div class=\"wp-block-column is-layout-flow wp-block-column-is-layout-flow\" style=\"flex-basis:0%\"><style>.kt-svg-icons15_c9e0f0-4a .kt-svg-item-0 .kb-svg-icon-wrap{color:var(--global-palette4, #2D3748);font-size:50px;}.wp-block-kadence-icon.kt-svg-icons15_c9e0f0-4a{justify-content:flex-start;}<\/style>\n<div class=\"wp-block-kadence-icon kt-svg-icons kt-svg-icons15_c9e0f0-4a alignnone\"><style>.kt-svg-item-15_1918d0-01 .kb-svg-icon-wrap, .kt-svg-style-stacked.kt-svg-item-15_1918d0-01 .kb-svg-icon-wrap{font-size:20px;}<\/style>\n<div class=\"wp-block-kadence-single-icon kt-svg-style-default kt-svg-icon-wrap kt-svg-item-15_1918d0-01\"><span class=\"kb-svg-icon-wrap kb-svg-icon-fe_mapPin\"><svg viewbox=\"0 0 24 24\"  fill=\"none\" stroke=\"currentColor\" stroke-width=\"2\" stroke-linecap=\"round\" stroke-linejoin=\"round\" xmlns=\"http:\/\/www.w3.org\/2000\/svg\"  aria-hidden=\"true\"><path d=\"M21 10c0 7-9 13-9 13s-9-6-9-13a9 9 0 0 1 18 0z\"\/><circle cx=\"12\" cy=\"10\" r=\"3\"\/><\/svg><\/span><\/div>\n<\/div>\n<\/div>\n\n\n\n<div class=\"wp-block-column is-layout-flow wp-block-column-is-layout-flow\">\n<div id=\"gspb_text-id-gsbp-f1ebd685-54e5\" class=\"gspb_text gspb_text-id-gsbp-f1ebd685-54e5\">Hotel Grand International Hotel V\u00eda Argentina, Calle C, Jos\u00e9 Mart\u00ed<\/div>\n<\/div>\n<\/div>\n\n\n\n<hr class=\"wp-block-separator has-text-color has-palette-color-4-color has-alpha-channel-opacity has-palette-color-4-background-color has-background is-style-wide\"\/>\n\n\n\n<div id=\"gspb_text-id-gsbp-d6291d08-ae02\" class=\"gspb_text gspb_text-id-gsbp-d6291d08-ae02\">Follow us<\/div>\n\n\n\n<ul class=\"wp-block-social-links has-icon-color is-style-logos-only is-horizontal is-content-justification-left is-nowrap is-layout-flex wp-container-core-social-links-is-layout-99543dba wp-block-social-links-is-layout-flex\"><li style=\"color: #000000; \" class=\"wp-social-link wp-social-link-whatsapp has-black-color wp-block-social-link\"><a rel=\"noopener nofollow\" target=\"_blank\" href=\"https:\/\/api.whatsapp.com\/send\/?phone=50766739988&#038;text&#038;type=phone_number&#038;app_absent=0\" class=\"wp-block-social-link-anchor\"><svg width=\"24\" height=\"24\" viewbox=\"0 0 24 24\" version=\"1.1\" xmlns=\"http:\/\/www.w3.org\/2000\/svg\" aria-hidden=\"true\" focusable=\"false\"><path d=\"M 12.011719 2 C 6.5057187 2 2.0234844 6.478375 2.0214844 11.984375 C 2.0204844 13.744375 2.4814687 15.462563 3.3554688 16.976562 L 2 22 L 7.2324219 20.763672 C 8.6914219 21.559672 10.333859 21.977516 12.005859 21.978516 L 12.009766 21.978516 C 17.514766 21.978516 21.995047 17.499141 21.998047 11.994141 C 22.000047 9.3251406 20.962172 6.8157344 19.076172 4.9277344 C 17.190172 3.0407344 14.683719 2.001 12.011719 2 z M 12.009766 4 C 14.145766 4.001 16.153109 4.8337969 17.662109 6.3417969 C 19.171109 7.8517969 20.000047 9.8581875 19.998047 11.992188 C 19.996047 16.396187 16.413812 19.978516 12.007812 19.978516 C 10.674812 19.977516 9.3544062 19.642812 8.1914062 19.007812 L 7.5175781 18.640625 L 6.7734375 18.816406 L 4.8046875 19.28125 L 5.2851562 17.496094 L 5.5019531 16.695312 L 5.0878906 15.976562 C 4.3898906 14.768562 4.0204844 13.387375 4.0214844 11.984375 C 4.0234844 7.582375 7.6067656 4 12.009766 4 z M 8.4765625 7.375 C 8.3095625 7.375 8.0395469 7.4375 7.8105469 7.6875 C 7.5815469 7.9365 6.9355469 8.5395781 6.9355469 9.7675781 C 6.9355469 10.995578 7.8300781 12.182609 7.9550781 12.349609 C 8.0790781 12.515609 9.68175 15.115234 12.21875 16.115234 C 14.32675 16.946234 14.754891 16.782234 15.212891 16.740234 C 15.670891 16.699234 16.690438 16.137687 16.898438 15.554688 C 17.106437 14.971687 17.106922 14.470187 17.044922 14.367188 C 16.982922 14.263188 16.816406 14.201172 16.566406 14.076172 C 16.317406 13.951172 15.090328 13.348625 14.861328 13.265625 C 14.632328 13.182625 14.464828 13.140625 14.298828 13.390625 C 14.132828 13.640625 13.655766 14.201187 13.509766 14.367188 C 13.363766 14.534188 13.21875 14.556641 12.96875 14.431641 C 12.71875 14.305641 11.914938 14.041406 10.960938 13.191406 C 10.218937 12.530406 9.7182656 11.714844 9.5722656 11.464844 C 9.4272656 11.215844 9.5585938 11.079078 9.6835938 10.955078 C 9.7955938 10.843078 9.9316406 10.663578 10.056641 10.517578 C 10.180641 10.371578 10.223641 10.267562 10.306641 10.101562 C 10.389641 9.9355625 10.347156 9.7890625 10.285156 9.6640625 C 10.223156 9.5390625 9.737625 8.3065 9.515625 7.8125 C 9.328625 7.3975 9.131125 7.3878594 8.953125 7.3808594 C 8.808125 7.3748594 8.6425625 7.375 8.4765625 7.375 z\"><\/path><\/svg><span class=\"wp-block-social-link-label screen-reader-text\">WhatsApp<\/span><\/a><\/li>\n\n<li style=\"color: #000000; \" class=\"wp-social-link wp-social-link-instagram has-black-color wp-block-social-link\"><a rel=\"noopener nofollow\" target=\"_blank\" href=\"https:\/\/www.google.com\" class=\"wp-block-social-link-anchor\"><svg width=\"24\" height=\"24\" viewbox=\"0 0 24 24\" version=\"1.1\" xmlns=\"http:\/\/www.w3.org\/2000\/svg\" aria-hidden=\"true\" focusable=\"false\"><path d=\"M12,4.622c2.403,0,2.688,0.009,3.637,0.052c0.877,0.04,1.354,0.187,1.671,0.31c0.42,0.163,0.72,0.358,1.035,0.673 c0.315,0.315,0.51,0.615,0.673,1.035c0.123,0.317,0.27,0.794,0.31,1.671c0.043,0.949,0.052,1.234,0.052,3.637 s-0.009,2.688-0.052,3.637c-0.04,0.877-0.187,1.354-0.31,1.671c-0.163,0.42-0.358,0.72-0.673,1.035 c-0.315,0.315-0.615,0.51-1.035,0.673c-0.317,0.123-0.794,0.27-1.671,0.31c-0.949,0.043-1.233,0.052-3.637,0.052 s-2.688-0.009-3.637-0.052c-0.877-0.04-1.354-0.187-1.671-0.31c-0.42-0.163-0.72-0.358-1.035-0.673 c-0.315-0.315-0.51-0.615-0.673-1.035c-0.123-0.317-0.27-0.794-0.31-1.671C4.631,14.688,4.622,14.403,4.622,12 s0.009-2.688,0.052-3.637c0.04-0.877,0.187-1.354,0.31-1.671c0.163-0.42,0.358-0.72,0.673-1.035 c0.315-0.315,0.615-0.51,1.035-0.673c0.317-0.123,0.794-0.27,1.671-0.31C9.312,4.631,9.597,4.622,12,4.622 M12,3 C9.556,3,9.249,3.01,8.289,3.054C7.331,3.098,6.677,3.25,6.105,3.472C5.513,3.702,5.011,4.01,4.511,4.511 c-0.5,0.5-0.808,1.002-1.038,1.594C3.25,6.677,3.098,7.331,3.054,8.289C3.01,9.249,3,9.556,3,12c0,2.444,0.01,2.751,0.054,3.711 c0.044,0.958,0.196,1.612,0.418,2.185c0.23,0.592,0.538,1.094,1.038,1.594c0.5,0.5,1.002,0.808,1.594,1.038 c0.572,0.222,1.227,0.375,2.185,0.418C9.249,20.99,9.556,21,12,21s2.751-0.01,3.711-0.054c0.958-0.044,1.612-0.196,2.185-0.418 c0.592-0.23,1.094-0.538,1.594-1.038c0.5-0.5,0.808-1.002,1.038-1.594c0.222-0.572,0.375-1.227,0.418-2.185 C20.99,14.751,21,14.444,21,12s-0.01-2.751-0.054-3.711c-0.044-0.958-0.196-1.612-0.418-2.185c-0.23-0.592-0.538-1.094-1.038-1.594 c-0.5-0.5-1.002-0.808-1.594-1.038c-0.572-0.222-1.227-0.375-2.185-0.418C14.751,3.01,14.444,3,12,3L12,3z M12,7.378 c-2.552,0-4.622,2.069-4.622,4.622S9.448,16.622,12,16.622s4.622-2.069,4.622-4.622S14.552,7.378,12,7.378z M12,15 c-1.657,0-3-1.343-3-3s1.343-3,3-3s3,1.343,3,3S13.657,15,12,15z M16.804,6.116c-0.596,0-1.08,0.484-1.08,1.08 s0.484,1.08,1.08,1.08c0.596,0,1.08-0.484,1.08-1.08S17.401,6.116,16.804,6.116z\"><\/path><\/svg><span class=\"wp-block-social-link-label screen-reader-text\">Instagram<\/span><\/a><\/li>\n\n<li style=\"color: #000000; \" class=\"wp-social-link wp-social-link-linkedin has-black-color wp-block-social-link\"><a rel=\"noopener nofollow\" target=\"_blank\" href=\"https:\/\/www.google.com\" class=\"wp-block-social-link-anchor\"><svg width=\"24\" height=\"24\" viewbox=\"0 0 24 24\" version=\"1.1\" xmlns=\"http:\/\/www.w3.org\/2000\/svg\" aria-hidden=\"true\" focusable=\"false\"><path d=\"M19.7,3H4.3C3.582,3,3,3.582,3,4.3v15.4C3,20.418,3.582,21,4.3,21h15.4c0.718,0,1.3-0.582,1.3-1.3V4.3 C21,3.582,20.418,3,19.7,3z M8.339,18.338H5.667v-8.59h2.672V18.338z M7.004,8.574c-0.857,0-1.549-0.694-1.549-1.548 c0-0.855,0.691-1.548,1.549-1.548c0.854,0,1.547,0.694,1.547,1.548C8.551,7.881,7.858,8.574,7.004,8.574z M18.339,18.338h-2.669 v-4.177c0-0.996-0.017-2.278-1.387-2.278c-1.389,0-1.601,1.086-1.601,2.206v4.249h-2.667v-8.59h2.559v1.174h0.037 c0.356-0.675,1.227-1.387,2.526-1.387c2.703,0,3.203,1.779,3.203,4.092V18.338z\"><\/path><\/svg><span class=\"wp-block-social-link-label screen-reader-text\">LinkedIn<\/span><\/a><\/li>\n\n<li style=\"color: #000000; \" class=\"wp-social-link wp-social-link-mail has-black-color wp-block-social-link\"><a rel=\"noopener nofollow\" target=\"_blank\" href=\"https:\/\/www.google.com\" class=\"wp-block-social-link-anchor\"><svg width=\"24\" height=\"24\" viewbox=\"0 0 24 24\" version=\"1.1\" xmlns=\"http:\/\/www.w3.org\/2000\/svg\" aria-hidden=\"true\" focusable=\"false\"><path d=\"M19,5H5c-1.1,0-2,.9-2,2v10c0,1.1.9,2,2,2h14c1.1,0,2-.9,2-2V7c0-1.1-.9-2-2-2zm.5,12c0,.3-.2.5-.5.5H5c-.3,0-.5-.2-.5-.5V9.8l7.5,5.6,7.5-5.6V17zm0-9.1L12,13.6,4.5,7.9V7c0-.3.2-.5.5-.5h14c.3,0,.5.2.5.5v.9z\"><\/path><\/svg><span class=\"wp-block-social-link-label screen-reader-text\">Mail<\/span><\/a><\/li><\/ul>\n\n\n\n<div class=\"mapouter\"><div class=\"gmap_canvas\"><iframe width=\"100%\" height=\"50%\" id=\"gmap_canvas\" src=\"https:\/\/maps.google.com\/maps?q=hotel grand international&#038;t=&#038;z=10&#038;ie=UTF8&#038;iwloc=&#038;output=embed\" frameborder=\"0\" scrolling=\"no\" marginheight=\"0\" marginwidth=\"0\"><\/iframe><br><style>.mapouter{position:relative;text-align:right;height:100%;width:100%;}<\/style><style>.gmap_canvas {overflow:hidden;background:none!important;height:100%;width:100%;}<\/style><\/div><\/div>\n<\/div>\n\n\n\n<div class=\"wp-block-column is-layout-flow wp-block-column-is-layout-flow\">\n<div style=\"height:184px\" aria-hidden=\"true\" class=\"wp-block-spacer uag-hide-desktop uag-hide-tab\"><\/div>\n\n\n<style>.wp-block-kadence-advancedheading.kt-adv-heading15_561354-2d, .wp-block-kadence-advancedheading.kt-adv-heading15_561354-2d[data-kb-block=\"kb-adv-heading15_561354-2d\"]{font-weight:400;font-style:normal;font-family:Abel;border-bottom:2px solid var(--theme-palette-color-4, #192a3d);}.wp-block-kadence-advancedheading.kt-adv-heading15_561354-2d mark.kt-highlight, .wp-block-kadence-advancedheading.kt-adv-heading15_561354-2d[data-kb-block=\"kb-adv-heading15_561354-2d\"] mark.kt-highlight{font-style:normal;color:#f76a0c;-webkit-box-decoration-break:clone;box-decoration-break:clone;padding-top:0px;padding-right:0px;padding-bottom:0px;padding-left:0px;}@media all and (max-width: 1024px){.wp-block-kadence-advancedheading.kt-adv-heading15_561354-2d, .wp-block-kadence-advancedheading.kt-adv-heading15_561354-2d[data-kb-block=\"kb-adv-heading15_561354-2d\"]{border-bottom:2px solid var(--theme-palette-color-4, #192a3d);}}@media all and (max-width: 767px){.wp-block-kadence-advancedheading.kt-adv-heading15_561354-2d, .wp-block-kadence-advancedheading.kt-adv-heading15_561354-2d[data-kb-block=\"kb-adv-heading15_561354-2d\"]{border-bottom:2px solid var(--theme-palette-color-4, #192a3d);}}<\/style>\n<h2 class=\"kt-adv-heading15_561354-2d wp-block-kadence-advancedheading\" data-kb-block=\"kb-adv-heading15_561354-2d\">\u00bfDo you have a project? - Let\u00b4s Talk<\/h2>\n\n\n<style>.kadence-form-15_f01c59-d2 .kb-form .kadence-blocks-form-field .kb-forms-submit{color:var(--theme-palette-color-8, #ffffff);background:#000000;}<\/style>\n<div class=\"wp-block-kadence-form kadence-form-15_f01c59-d2 kb-form-wrap\"><form class=\"kb-form\" action=\"\" method=\"post\" data-trp-original-action=\"\"><div class=\"kadence-blocks-form-field kb-field-desk-width-100 kb-input-size-standard\"><label for=\"kb_field_15_f01c59-d2_0\">Name<span class=\"required\">*<\/span><\/label><input name=\"kb_field_0\" id=\"kb_field_15_f01c59-d2_0\" data-label=\"Nombre\" type=\"text\" placeholder=\"\" value=\"\" data-type=\"text\" class=\"kb-field kb-text-style-field kb-text-field kb-field-0\" data-required=\"yes\"\/><\/div><div class=\"kadence-blocks-form-field kb-form-field-1 kb-field-desk-width-100 kb-input-size-standard\"><label for=\"kb_field_15_f01c59-d2_1\">Mail <span class=\"required\">*<\/span><\/label><input name=\"kb_field_1\" id=\"kb_field_15_f01c59-d2_1\" data-label=\"Correo Electr\u00f3nico \" type=\"email\" placeholder=\"\" value=\"\" data-type=\"email\" class=\"kb-field kb-text-style-field kb-email-field kb-field-1\" data-required=\"yes\" data-required-message=\"Correo electr\u00f3nico es obligatorio.\" data-validation-message=\"Correo electr\u00f3nico no es v\u00e1lido. \"\/><\/div><div class=\"kadence-blocks-form-field kb-form-field-2 kb-field-desk-width-100 kb-input-size-standard\"><label for=\"kb_field_15_f01c59-d2_2\">Phone<span class=\"required\">*<\/span><\/label><input name=\"kb_field_2\" id=\"kb_field_15_f01c59-d2_2\" data-label=\"Tel\u00e9fono\" type=\"tel\" placeholder=\"\" value=\"\" data-type=\"tel\" class=\"kb-field kb-text-style-field kb-tel-field kb-field-2\" data-required=\"yes\" data-required-message=\"Correo electr\u00f3nico es obligatorio.\" data-validation-message=\"Correo electr\u00f3nico no es v\u00e1lido. \"\/><\/div><div class=\"kadence-blocks-form-field kb-form-field-3 kb-field-desk-width-100 kb-input-size-standard\"><label for=\"kb_field_15_f01c59-d2_3\">Subject<span class=\"required\">*<\/span><\/label><input name=\"kb_field_3\" id=\"kb_field_15_f01c59-d2_3\" data-label=\"Asunto\" type=\"text\" placeholder=\"\" value=\"\" data-type=\"text\" class=\"kb-field kb-text-style-field kb-text-field kb-field-3\" data-required=\"yes\" data-required-message=\"Correo electr\u00f3nico es obligatorio.\" data-validation-message=\"Correo electr\u00f3nico no es v\u00e1lido. \"\/><\/div><div class=\"kadence-blocks-form-field kb-form-field-4 kb-field-desk-width-100 kb-input-size-standard\"><label for=\"kb_field_15_f01c59-d2_4\">Message<span class=\"required\">*<\/span><\/label><textarea name=\"kb_field_4\" id=\"kb_field_15_f01c59-d2_4\" data-label=\"Mensaje\" type=\"textarea\" placeholder=\"\" data-type=\"textarea\" class=\"kb-field kb-text-style-field kb-textarea-field kb-field-4\" rows=\"4\" data-required=\"yes\"><\/textarea><\/div><input type=\"hidden\" name=\"_kb_form_id\" value=\"15_f01c59-d2\"\/><input type=\"hidden\" name=\"_kb_form_post_id\" value=\"15\"\/><input type=\"hidden\" name=\"action\" value=\"kb_process_ajax_submit\"\/><div class=\"kadence-blocks-form-field kb-submit-field kb-field-desk-width-100\"><button class=\"kb-forms-submit button kb-button-size-standard kb-button-width-auto\">Send<\/button><\/div><input type=\"hidden\" name=\"trp-form-language\" value=\"en\"\/><\/form><\/div>\n<noscript><div class=\"kadence-blocks-form-message kadence-blocks-form-warning\">Please enable JavaScript in your browser to submit the form<\/div><style>.kadence-form-15_f01c59-d2 .kadence-blocks-form-field.kb-submit-field { display: none; }<\/style><\/noscript><\/div>\n<\/div>\n\n\n\n<div style=\"height:50px\" aria-hidden=\"true\" class=\"wp-block-spacer\"><\/div>","protected":false},"excerpt":{"rendered":"<p>Informaci\u00f3n \u00bfTienes un proyecto? &#8211; HABLEMOS<\/p>","protected":false},"author":3,"featured_media":0,"parent":0,"menu_order":0,"comment_status":"closed","ping_status":"closed","template":"","meta":{"_acf_changed":false,"_gspb_post_css":"@import url(https:\/\/fonts.googleapis.com\/css?family=Abel);.gspb_text-id-gsbp-70200ebf-e69d,.gspb_text-id-gsbp-70200ebf-e69d .wp-block a,.gspb_text-id-gsbp-70200ebf-e69d a{color:var(--wp--preset--color--palette-color-4, var(--theme-palette-color-4, #192a3d))}.gspb_text-id-gsbp-d6291d08-ae02{font-weight:400;font-family:Abel,sans-serif}.gspb_text-id-gsbp-c6e6d7e4-fdb7{margin-top:0!important}","_uag_custom_page_level_css":"","footnotes":""},"class_list":["post-15","page","type-page","status-publish","hentry"],"blocksy_meta":[],"acf":[],"aioseo_notices":[],"uagb_featured_image_src":{"full":false,"thumbnail":false,"medium":false,"medium_large":false,"large":false,"wonder-grid-columns-thumbnail":false,"wonder-grid-columns-2":false,"wonder-grid-columns-3":false,"wonder-grid-columns-4":false,"wonder-grid-columns-5":false,"1536x1536":false,"2048x2048":false,"trp-custom-language-flag":false},"uagb_author_info":{"display_name":"admin","author_link":"https:\/\/www.estudio3.com.pa\/en\/author\/admin-2\/"},"uagb_comment_info":0,"uagb_excerpt":"Informaci\u00f3n \u00bfTienes un proyecto? &#8211; HABLEMOS","_links":{"self":[{"href":"https:\/\/www.estudio3.com.pa\/en\/wp-json\/wp\/v2\/pages\/15","targetHints":{"allow":["GET"]}}],"collection":[{"href":"https:\/\/www.estudio3.com.pa\/en\/wp-json\/wp\/v2\/pages"}],"about":[{"href":"https:\/\/www.estudio3.com.pa\/en\/wp-json\/wp\/v2\/types\/page"}],"author":[{"embeddable":true,"href":"https:\/\/www.estudio3.com.pa\/en\/wp-json\/wp\/v2\/users\/3"}],"replies":[{"embeddable":true,"href":"https:\/\/www.estudio3.com.pa\/en\/wp-json\/wp\/v2\/comments?post=15"}],"version-history":[{"count":0,"href":"https:\/\/www.estudio3.com.pa\/en\/wp-json\/wp\/v2\/pages\/15\/revisions"}],"wp:attachment":[{"href":"https:\/\/www.estudio3.com.pa\/en\/wp-json\/wp\/v2\/media?parent=15"}],"curies":[{"name":"wp","href":"https:\/\/api.w.org\/{rel}","templated":true}]}}